{"id":1069,"date":"2014-12-14T14:52:48","date_gmt":"2014-12-14T13:52:48","guid":{"rendered":"http:\/\/karifa.einfachgluecklichsein.info\/?page_id=1069"},"modified":"2015-01-02T10:01:09","modified_gmt":"2015-01-02T09:01:09","slug":"informationen-fuer-gewerbliche-spender","status":"publish","type":"page","link":"https:\/\/karifa.de\/?page_id=1069","title":{"rendered":"Informationen f\u00fcr gewerbliche Spender"},"content":{"rendered":"<p>Das Thema Wasser ist nicht nur Inhalt unserer Spendenaktion, sondern\u00a0voraussichtlich auch\u00a0eine der gr\u00f6\u00dferen Herausforderungen auf unserer Tour. Aus diesem Grund haben wir bisher drei\u00a0Streckenabschnitte\u00a0unserer Route als besondere Spendeneinheiten f\u00fcr Sie zur Verf\u00fcgung gestellt: Hierzu z\u00e4hlen<\/p>\n<ul>\n<li>die <strong>Nullarbo<\/strong><strong>r<\/strong> als auch<\/li>\n<li>die <strong>Kimberleys<\/strong> aufgrund Ihrer besonderen Herausforderung an die Wasserversorgung und<\/li>\n<li>die <strong>Great Ocean Road<\/strong> <em><strong>[bereits VERGEBEN !]<\/strong><\/em> aufgrund Ihrer N\u00e4he zum Ozean.<\/li>\n<\/ul>\n<p><a href=\"http:\/\/karifa.de\/wp-content\/uploads\/2014\/12\/Route1_gewerblich.jpg\"><img loading=\"lazy\" decoding=\"async\" class=\"wp-image-1065 aligncenter\" src=\"http:\/\/karifa.de\/wp-content\/uploads\/2014\/12\/Route1_gewerblich.jpg\" alt=\"Route1_gewerblich\" width=\"383\" height=\"372\" srcset=\"https:\/\/karifa.de\/wp-content\/uploads\/2014\/12\/Route1_gewerblich.jpg 495w, https:\/\/karifa.de\/wp-content\/uploads\/2014\/12\/Route1_gewerblich-300x290.jpg 300w, https:\/\/karifa.de\/wp-content\/uploads\/2014\/12\/Route1_gewerblich-309x300.jpg 309w\" sizes=\"auto, (max-width: 383px) 100vw, 383px\" \/><\/a><\/p>\n<p>Diese drei Etappen k\u00f6nnen jeweils als zusammenh\u00e4ngende Einheit gespendet werden. Auf Wunsch werden wir im Gegenzug Ihr\u00a0Logo\u00a0auf dem entsprechenden Abschnitt unserer Routenkarte auf der karifa.de Home-Seite einblenden. Nachfolgend noch ein paar weitere Informationen zu den einzelnen Abschnitten. Wir freuen uns, wenn Sie an einer der Strecken Gefallen finden. Kontaktieren Sie uns einfach \u00fcber das Kontaktformular.<\/p>\n<p>&nbsp;<\/p>\n<p>Die <span style=\"text-decoration: underline;\"><strong>Nullarbor-Ebene<\/strong><\/span> (engl.: <i>Nullarbor Plain<\/i>), auch als <b>Nullarbor-W\u00fcste<\/b> bezeichnet (von lat.\u00a0<i>nulla arbor<\/i>\u201a kein Baum\u2018), ist eine flache, weit ausgedehnte Karstw\u00fcste im s\u00fcdlichen Australien, direkt an der Gro\u00dfen Australischen Bucht. Sie ist mit rund 200.000 Quadratkilometern das gr\u00f6\u00dfte St\u00fcck Kalkstein der Welt. An ihrer breitesten Stelle misst sie \u00fcber 1200\u00a0km (<strong>1200 EUR<\/strong>) in Ost-West-Richtung.<img loading=\"lazy\" decoding=\"async\" class=\"size-full wp-image-1054 alignleft\" src=\"http:\/\/karifa.de\/wp-content\/uploads\/2014\/11\/nullarbor.png\" alt=\"nullarbor\" width=\"1145\" height=\"337\" srcset=\"https:\/\/karifa.de\/wp-content\/uploads\/2014\/11\/nullarbor.png 1145w, https:\/\/karifa.de\/wp-content\/uploads\/2014\/11\/nullarbor-300x88.png 300w, https:\/\/karifa.de\/wp-content\/uploads\/2014\/11\/nullarbor-1024x301.png 1024w, https:\/\/karifa.de\/wp-content\/uploads\/2014\/11\/nullarbor-500x147.png 500w\" sizes=\"auto, (max-width: 1145px) 100vw, 1145px\" \/><\/p>\n<p>Die <span style=\"text-decoration: underline;\"><strong>Kimberleys<\/strong><\/span> im Norden von Westaustralien sind mit Ihren H\u00f6henmetern und mit der Besiedlung von 0,09\u00a0Einw.\/km\u00b2 eine weitere Besonderheit unserer Tour. Die Strecke von Kunnurra nach Broome betr\u00e4gt 917 km <strong>(917 EUR)<br \/>\n<img loading=\"lazy\" decoding=\"async\" class=\"alignleft wp-image-993\" src=\"http:\/\/karifa.de\/wp-content\/uploads\/2014\/11\/kimberley.png\" alt=\"kimberley\" width=\"576\" height=\"261\" \/><\/strong><\/p>\n<p>Die <span style=\"text-decoration: underline;\"><strong>Great Ocean Road<\/strong><\/span> <strong><em>[bereits VERGEBEN !] <\/em><\/strong>ist eine 243 km <strong>(243 EUR)<\/strong> lange Stra\u00dfe, die entlang der australischen S\u00fcdk\u00fcste zwischen Torquay und Allansford im Bundesstaat Victoria verl\u00e4uft. Sie gilt als eine der bekanntesten Scenic Routes in Australien.<br \/>\n<img loading=\"lazy\" decoding=\"async\" id=\"lu_map\" src=\"https:\/\/www.google.de\/maps\/vt\/data=U4aSnIyhBFNIJ3A8fCzUmaVIwyWq6RtIfB4QKiGq_w,ftCl_g0HEzAyyeMMnOtUGrTmh26bRsiKMmg9LfmN1wLpNHgnFb65X9FecBorXtBxvX0G6iJVt5cLzYy2vwuXn63SAcGZG4TdxY4-juHrLKXoozShPQQGIFRL0ilClns_sGXVgBmeGJhCDRLvLRhgBlPv036_soeXzX8M3qg0BLM0XAXNlemGHRRodePCQaZOPy3X9eWt5F06uZKX5ZphIJwXdY4gmfrXSXcBp4wiwKCAfnAy6QZwweKDLIpYB1wXhX4P_0CeRlGu1mZlTCy_9oJCjdj98pOxjnZ57jI\" alt=\"\" width=\"577\" height=\"213\" border=\"0\" \/><br \/>\nDie\u00a0<strong>Great Ocean Road<\/strong> wurde gespendet von\u00a0 <a href=\"http:\/\/karifa.de\/wp-content\/uploads\/2014\/12\/power.bmp\"><img loading=\"lazy\" decoding=\"async\" class=\"alignnone  wp-image-1131\" src=\"http:\/\/karifa.de\/wp-content\/uploads\/2014\/12\/power.bmp\" alt=\"power\" width=\"83\" height=\"37\" \/><\/a><\/p>\n<p>&nbsp;<\/p>\n<p>&nbsp;<\/p>\n","protected":false},"excerpt":{"rendered":"<p>Das Thema Wasser ist nicht nur Inhalt unserer Spendenaktion, sondern\u00a0voraussichtlich auch\u00a0eine der gr\u00f6\u00dferen Herausforderungen auf unserer Tour. Aus diesem Grund haben wir bisher drei\u00a0Streckenabschnitte\u00a0unserer Route als besondere Spendeneinheiten f\u00fcr Sie zur Verf\u00fcgung gestellt: Hierzu z\u00e4hlen die Nullarbor als auch die Kimberleys aufgrund Ihrer besonderen Herausforderung an die Wasserversorgung und die Great Ocean Road [bereits VERGEBEN [&hellip;]<\/p>\n","protected":false},"author":2,"featured_media":890,"parent":0,"menu_order":0,"comment_status":"open","ping_status":"open","template":"","meta":{"ngg_post_thumbnail":0,"footnotes":""},"class_list":["post-1069","page","type-page","status-publish","has-post-thumbnail","hentry"],"_links":{"self":[{"href":"https:\/\/karifa.de\/index.php?rest_route=\/wp\/v2\/pages\/1069","targetHints":{"allow":["GET"]}}],"collection":[{"href":"https:\/\/karifa.de\/index.php?rest_route=\/wp\/v2\/pages"}],"about":[{"href":"https:\/\/karifa.de\/index.php?rest_route=\/wp\/v2\/types\/page"}],"author":[{"embeddable":true,"href":"https:\/\/karifa.de\/index.php?rest_route=\/wp\/v2\/users\/2"}],"replies":[{"embeddable":true,"href":"https:\/\/karifa.de\/index.php?rest_route=%2Fwp%2Fv2%2Fcomments&post=1069"}],"version-history":[{"count":12,"href":"https:\/\/karifa.de\/index.php?rest_route=\/wp\/v2\/pages\/1069\/revisions"}],"predecessor-version":[{"id":1398,"href":"https:\/\/karifa.de\/index.php?rest_route=\/wp\/v2\/pages\/1069\/revisions\/1398"}],"wp:featuredmedia":[{"embeddable":true,"href":"https:\/\/karifa.de\/index.php?rest_route=\/wp\/v2\/media\/890"}],"wp:attachment":[{"href":"https:\/\/karifa.de\/index.php?rest_route=%2Fwp%2Fv2%2Fmedia&parent=1069"}],"curies":[{"name":"wp","href":"https:\/\/api.w.org\/{rel}","templated":true}]}}