{"id":2053,"date":"2015-04-04T06:52:39","date_gmt":"2015-04-04T05:52:39","guid":{"rendered":"http:\/\/karifa.de\/?page_id=2053"},"modified":"2016-05-24T15:06:23","modified_gmt":"2016-05-24T14:06:23","slug":"radiobeitraege-des-senders-sbs","status":"publish","type":"page","link":"https:\/\/karifa.de\/?page_id=2053","title":{"rendered":"Radiobeitr\u00e4ge des Senders SBS"},"content":{"rendered":"<p>Die nachfolgenden Beitr\u00e4ge ver\u00f6ffentlichen wir mit der freundlichen Genehmigung des australischen Radiosenders SBS.<\/p>\n<p>Beitrag von Januar 2015<\/p>\n<audio class=\"wp-audio-shortcode\" id=\"audio-2053-1\" preload=\"none\" style=\"width: 100%;\" controls=\"controls\"><source type=\"audio\/mpeg\" src=\"http:\/\/karifa.de\/wp-content\/uploads\/2015\/04\/Brief-aus-Sydney-25032015.mp3?_=1\" \/><a href=\"http:\/\/karifa.de\/wp-content\/uploads\/2015\/04\/Brief-aus-Sydney-25032015.mp3\">http:\/\/karifa.de\/wp-content\/uploads\/2015\/04\/Brief-aus-Sydney-25032015.mp3<\/a><\/audio>\n<p>&nbsp;<\/p>\n<p>Beitrag von M\u00e4rz 2015<\/p>\n<audio class=\"wp-audio-shortcode\" id=\"audio-2053-2\" preload=\"none\" style=\"width: 100%;\" controls=\"controls\"><source type=\"audio\/mpeg\" src=\"http:\/\/karifa.de\/wp-content\/uploads\/2015\/02\/Brief-aus-Sydney-04022015.mp3?_=2\" \/><a href=\"http:\/\/karifa.de\/wp-content\/uploads\/2015\/02\/Brief-aus-Sydney-04022015.mp3\">http:\/\/karifa.de\/wp-content\/uploads\/2015\/02\/Brief-aus-Sydney-04022015.mp3<\/a><\/audio>\n<p>&nbsp;<\/p>\n<p>Beitrag von Juni 2015<\/p>\n<audio class=\"wp-audio-shortcode\" id=\"audio-2053-3\" preload=\"none\" style=\"width: 100%;\" controls=\"controls\"><source type=\"audio\/mpeg\" src=\"http:\/\/karifa.de\/wp-content\/uploads\/2015\/04\/Brief-aus-Sydney-27052015.mp3?_=3\" \/><a href=\"http:\/\/karifa.de\/wp-content\/uploads\/2015\/04\/Brief-aus-Sydney-27052015.mp3\">http:\/\/karifa.de\/wp-content\/uploads\/2015\/04\/Brief-aus-Sydney-27052015.mp3<\/a><\/audio>\n<p>&nbsp;<\/p>\n<p>Beitrag von August 2015<\/p>\n<audio class=\"wp-audio-shortcode\" id=\"audio-2053-4\" preload=\"none\" style=\"width: 100%;\" controls=\"controls\"><source type=\"audio\/mpeg\" src=\"http:\/\/karifa.de\/wp-content\/uploads\/2015\/08\/Brief-aus-Sydney-29072015.mp3?_=4\" \/><a href=\"http:\/\/karifa.de\/wp-content\/uploads\/2015\/08\/Brief-aus-Sydney-29072015.mp3\">http:\/\/karifa.de\/wp-content\/uploads\/2015\/08\/Brief-aus-Sydney-29072015.mp3<\/a><\/audio>\n<p>&nbsp;<\/p>\n<p>Beitrag von September 2015<\/p>\n<audio class=\"wp-audio-shortcode\" id=\"audio-2053-5\" preload=\"none\" style=\"width: 100%;\" controls=\"controls\"><source type=\"audio\/mpeg\" src=\"http:\/\/karifa.de\/wp-content\/uploads\/2015\/09\/Brief-aus-Sydney-16092015.mp3?_=5\" \/><a href=\"http:\/\/karifa.de\/wp-content\/uploads\/2015\/09\/Brief-aus-Sydney-16092015.mp3\">http:\/\/karifa.de\/wp-content\/uploads\/2015\/09\/Brief-aus-Sydney-16092015.mp3<\/a><\/audio>\n<p>&nbsp;<\/p>\n<p>Beitrag von Oktober 2015<\/p>\n<audio class=\"wp-audio-shortcode\" id=\"audio-2053-6\" preload=\"none\" style=\"width: 100%;\" controls=\"controls\"><source type=\"audio\/mpeg\" src=\"http:\/\/karifa.de\/wp-content\/uploads\/2015\/10\/Brief-aus-Sydney-30102015.mp3?_=6\" \/><a href=\"http:\/\/karifa.de\/wp-content\/uploads\/2015\/10\/Brief-aus-Sydney-30102015.mp3\">http:\/\/karifa.de\/wp-content\/uploads\/2015\/10\/Brief-aus-Sydney-30102015.mp3<\/a><\/audio>\n<p>&nbsp;<\/p>\n<p>Radiointerview im Studio des Senders SBS in Melbourne, November 2015. Doch Achtung: Teil 1 und Teil 2 haben zusammen eine L\u00e4nge von ca. 20 Minuten, also ein T\u00e4sschen Kaffee oder Tee kochen und entspannt zuh\u00f6ren&#8230;<\/p>\n<p>Teil 1:<\/p>\n<p><audio class=\"wp-audio-shortcode\" id=\"audio-2053-7\" preload=\"none\" style=\"width: 100%;\" controls=\"controls\"><source type=\"audio\/mpeg\" src=\"http:\/\/karifa.de\/wp-content\/uploads\/2015\/12\/Australien-Radler-Teil-1-sf.mp3?_=7\" \/><a href=\"http:\/\/karifa.de\/wp-content\/uploads\/2015\/12\/Australien-Radler-Teil-1-sf.mp3\">http:\/\/karifa.de\/wp-content\/uploads\/2015\/12\/Australien-Radler-Teil-1-sf.mp3<\/a><\/audio><br \/>\nTeil 2:<\/p>\n<audio class=\"wp-audio-shortcode\" id=\"audio-2053-8\" preload=\"none\" style=\"width: 100%;\" controls=\"controls\"><source type=\"audio\/mpeg\" src=\"http:\/\/karifa.de\/wp-content\/uploads\/2015\/12\/Australien-Radler-Teil-2-sf.mp3?_=8\" \/><a href=\"http:\/\/karifa.de\/wp-content\/uploads\/2015\/12\/Australien-Radler-Teil-2-sf.mp3\">http:\/\/karifa.de\/wp-content\/uploads\/2015\/12\/Australien-Radler-Teil-2-sf.mp3<\/a><\/audio>\n<p>&nbsp;<\/p>\n<p>Beitrag von Dezember 2015<\/p>\n<audio class=\"wp-audio-shortcode\" id=\"audio-2053-9\" preload=\"none\" style=\"width: 100%;\" controls=\"controls\"><source type=\"audio\/mpeg\" src=\"http:\/\/karifa.de\/wp-content\/uploads\/2016\/01\/Brief-aus-Sydney-15012015.mp3?_=9\" \/><a href=\"http:\/\/karifa.de\/wp-content\/uploads\/2016\/01\/Brief-aus-Sydney-15012015.mp3\">http:\/\/karifa.de\/wp-content\/uploads\/2016\/01\/Brief-aus-Sydney-15012015.mp3<\/a><\/audio>\n<p>&nbsp;<\/p>\n<p>Beitrag von Mai 2016<\/p>\n<audio class=\"wp-audio-shortcode\" id=\"audio-2053-10\" preload=\"none\" style=\"width: 100%;\" controls=\"controls\"><source type=\"audio\/mpeg\" src=\"http:\/\/karifa.de\/wp-content\/uploads\/2016\/05\/Brief-aus-Sydney-060520161.mp3?_=10\" \/><a href=\"http:\/\/karifa.de\/wp-content\/uploads\/2016\/05\/Brief-aus-Sydney-060520161.mp3\">http:\/\/karifa.de\/wp-content\/uploads\/2016\/05\/Brief-aus-Sydney-060520161.mp3<\/a><\/audio>\n<p>&nbsp;<\/p>\n<p>&nbsp;<\/p>\n<p>&nbsp;<\/p>\n<p>&nbsp;<\/p>\n<p>&nbsp;<\/p>\n<p>&nbsp;<\/p>\n","protected":false},"excerpt":{"rendered":"<p>Die nachfolgenden Beitr\u00e4ge ver\u00f6ffentlichen wir mit der freundlichen Genehmigung des australischen Radiosenders SBS. Beitrag von Januar 2015 &nbsp; Beitrag von M\u00e4rz 2015 &nbsp; Beitrag von Juni 2015 &nbsp; Beitrag von August 2015 &nbsp; Beitrag von September 2015 &nbsp; Beitrag von Oktober 2015 &nbsp; Radiointerview im Studio des Senders SBS in Melbourne, November 2015. Doch Achtung: [&hellip;]<\/p>\n","protected":false},"author":7,"featured_media":0,"parent":0,"menu_order":0,"comment_status":"open","ping_status":"open","template":"","meta":{"ngg_post_thumbnail":0,"footnotes":""},"class_list":["post-2053","page","type-page","status-publish","hentry"],"_links":{"self":[{"href":"https:\/\/karifa.de\/index.php?rest_route=\/wp\/v2\/pages\/2053","targetHints":{"allow":["GET"]}}],"collection":[{"href":"https:\/\/karifa.de\/index.php?rest_route=\/wp\/v2\/pages"}],"about":[{"href":"https:\/\/karifa.de\/index.php?rest_route=\/wp\/v2\/types\/page"}],"author":[{"embeddable":true,"href":"https:\/\/karifa.de\/index.php?rest_route=\/wp\/v2\/users\/7"}],"replies":[{"embeddable":true,"href":"https:\/\/karifa.de\/index.php?rest_route=%2Fwp%2Fv2%2Fcomments&post=2053"}],"version-history":[{"count":12,"href":"https:\/\/karifa.de\/index.php?rest_route=\/wp\/v2\/pages\/2053\/revisions"}],"predecessor-version":[{"id":3508,"href":"https:\/\/karifa.de\/index.php?rest_route=\/wp\/v2\/pages\/2053\/revisions\/3508"}],"wp:attachment":[{"href":"https:\/\/karifa.de\/index.php?rest_route=%2Fwp%2Fv2%2Fmedia&parent=2053"}],"curies":[{"name":"wp","href":"https:\/\/api.w.org\/{rel}","templated":true}]}}