{"id":665,"date":"2014-07-30T13:30:32","date_gmt":"2014-07-30T12:30:32","guid":{"rendered":"http:\/\/karifa.einfachgluecklichsein.info\/?page_id=665"},"modified":"2014-12-17T19:16:12","modified_gmt":"2014-12-17T18:16:12","slug":"sponsoren","status":"publish","type":"page","link":"https:\/\/karifa.de\/?page_id=665","title":{"rendered":"Partner"},"content":{"rendered":"<p>Wir bedanken uns ganz herzlich bei:<\/p>\n<p><a href=\"http:\/\/www.patria.net\" target=\"_blank\"><img loading=\"lazy\" decoding=\"async\" class=\"\" src=\"http:\/\/img.webme.com\/pic\/n\/nie-mehr-radlos\/logopatria.jpg\" alt=\"\" width=\"274\" height=\"92\" \/><\/a><\/p>\n<p>Wir freuen uns, <a href=\"http:\/\/www.patria.net\" target=\"_blank\">Patria<\/a> f\u00fcr unser Projekt gewonnen zu haben. Das komplette Rad, einschlie\u00dflich des nach den individuellen K\u00f6rperma\u00dfen gefertigten Rahmens, wird in Bielefeld und somit &#8222;made in germany&#8220; produziert. Wir f\u00fchlen uns hier rundum gut beraten und aufgehoben. Vielen Dank!<\/p>\n<p>&nbsp;<\/p>\n<p><a href=\"http:\/\/www.webpageartist.de\/\" target=\"_blank\"><img loading=\"lazy\" decoding=\"async\" class=\"\" src=\"http:\/\/www.webpageartist.de\/images\/webpageartist_logo_top_neu.jpg\" alt=\"WebpageArtist - Wir erstellen Ihren Internet-Auftritt\" width=\"302\" height=\"60\" \/><\/a><\/p>\n<p>Ganz herzlichen Dank auch an Georg Nibch von <a href=\"http:\/\/www.webpageartist.de\/\" target=\"_blank\">www.webpageartist.de<\/a>, der uns mit Rat und Tat bei der Internetseite unterst\u00fctzt.<\/p>\n<p>&nbsp;<\/p>\n<p><a href=\"http:\/\/www.powerlinecomputer.org\/index.htm\" target=\"_blank\"><img loading=\"lazy\" decoding=\"async\" class=\"wp-image-1131\" src=\"http:\/\/karifa.de\/wp-content\/uploads\/2014\/12\/power.bmp\" alt=\"power\" width=\"265\" height=\"84\" \/><\/a><br \/>\nPowerline- Computer unterst\u00fctzt uns mit technischen Support. Vielen Dank.<\/p>\n","protected":false},"excerpt":{"rendered":"<p>Wir bedanken uns ganz herzlich bei: Wir freuen uns, Patria f\u00fcr unser Projekt gewonnen zu haben. Das komplette Rad, einschlie\u00dflich des nach den individuellen K\u00f6rperma\u00dfen gefertigten Rahmens, wird in Bielefeld und somit &#8222;made in germany&#8220; produziert. Wir f\u00fchlen uns hier rundum gut beraten und aufgehoben. Vielen Dank! &nbsp; Ganz herzlichen Dank auch an Georg Nibch [&hellip;]<\/p>\n","protected":false},"author":2,"featured_media":887,"parent":0,"menu_order":0,"comment_status":"closed","ping_status":"open","template":"sidebar-page.php","meta":{"ngg_post_thumbnail":0,"footnotes":""},"class_list":["post-665","page","type-page","status-publish","has-post-thumbnail","hentry"],"_links":{"self":[{"href":"https:\/\/karifa.de\/index.php?rest_route=\/wp\/v2\/pages\/665","targetHints":{"allow":["GET"]}}],"collection":[{"href":"https:\/\/karifa.de\/index.php?rest_route=\/wp\/v2\/pages"}],"about":[{"href":"https:\/\/karifa.de\/index.php?rest_route=\/wp\/v2\/types\/page"}],"author":[{"embeddable":true,"href":"https:\/\/karifa.de\/index.php?rest_route=\/wp\/v2\/users\/2"}],"replies":[{"embeddable":true,"href":"https:\/\/karifa.de\/index.php?rest_route=%2Fwp%2Fv2%2Fcomments&post=665"}],"version-history":[{"count":8,"href":"https:\/\/karifa.de\/index.php?rest_route=\/wp\/v2\/pages\/665\/revisions"}],"predecessor-version":[{"id":1140,"href":"https:\/\/karifa.de\/index.php?rest_route=\/wp\/v2\/pages\/665\/revisions\/1140"}],"wp:featuredmedia":[{"embeddable":true,"href":"https:\/\/karifa.de\/index.php?rest_route=\/wp\/v2\/media\/887"}],"wp:attachment":[{"href":"https:\/\/karifa.de\/index.php?rest_route=%2Fwp%2Fv2%2Fmedia&parent=665"}],"curies":[{"name":"wp","href":"https:\/\/api.w.org\/{rel}","templated":true}]}}