{"id":79,"date":"2013-11-10T16:02:37","date_gmt":"2013-11-10T14:02:37","guid":{"rendered":"http:\/\/karifa.einfachgluecklichsein.info\/?page_id=79"},"modified":"2014-12-16T12:31:49","modified_gmt":"2014-12-16T11:31:49","slug":"impressum","status":"publish","type":"page","link":"https:\/\/karifa.de\/?page_id=79","title":{"rendered":"Impressum"},"content":{"rendered":"<table border=\"0\" width=\"562\" cellspacing=\"0\" cellpadding=\"0\">\n<tbody>\n<tr align=\"LEFT\" valign=\"TOP\">\n<td colspan=\"5\" width=\"377\">Diese Internetseiten sind von rein privatem Interesse und verfolgen keinerlei finanzielle oder gesch\u00e4ftliche Absichten.<\/td>\n<td colspan=\"2\"><\/td>\n<\/tr>\n<tr align=\"LEFT\" valign=\"TOP\">\n<td colspan=\"7\" height=\"9\"><\/td>\n<\/tr>\n<tr align=\"LEFT\" valign=\"TOP\">\n<td colspan=\"5\" width=\"377\">Die auf diesen Seiten enthaltenen Texte und Bilder unterliegen dem Urheberrecht und d\u00fcrfen ohne ausdr\u00fcckliche Genehmigung weder f\u00fcr gewerbliche noch private Zwecke genutzt werden.<\/td>\n<td colspan=\"2\"><\/td>\n<\/tr>\n<tr align=\"LEFT\" valign=\"TOP\">\n<td colspan=\"7\" height=\"13\"><\/td>\n<\/tr>\n<tr align=\"LEFT\" valign=\"TOP\">\n<td colspan=\"4\" width=\"375\"><b>Haftungshinweis:<br \/>\n<\/b>Trotz sorgf\u00e4ltiger inhaltlicher Kontrolle \u00fcbernehmen wir keine Haftung f\u00fcr die Inhalte externer Links. F\u00fcr den Inhalt der verlinkten Seiten sind ausschlie\u00dflich deren Betreiber verantwortlich.<\/td>\n<td colspan=\"3\"><\/td>\n<\/tr>\n<tr align=\"LEFT\" valign=\"TOP\">\n<td colspan=\"7\" height=\"9\"><\/td>\n<\/tr>\n<tr align=\"LEFT\" valign=\"TOP\">\n<td colspan=\"3\" width=\"307\">Nicole &amp; Uwe Filippi<br \/>\n<a href=\"mailto:n.u.filippi@googlemail.com\"><span style=\"font-family: Arial CE,sans-serif;\">n.u.filippi@googlemail.com<\/span><\/a><\/td>\n<\/tr>\n<\/tbody>\n<\/table>\n","protected":false},"excerpt":{"rendered":"<p>Diese Internetseiten sind von rein privatem Interesse und verfolgen keinerlei finanzielle oder gesch\u00e4ftliche Absichten. Die auf diesen Seiten enthaltenen Texte und Bilder unterliegen dem Urheberrecht und d\u00fcrfen ohne ausdr\u00fcckliche Genehmigung weder f\u00fcr gewerbliche noch private Zwecke genutzt werden. Haftungshinweis: Trotz sorgf\u00e4ltiger inhaltlicher Kontrolle \u00fcbernehmen wir keine Haftung f\u00fcr die Inhalte externer Links. F\u00fcr den Inhalt [&hellip;]<\/p>\n","protected":false},"author":2,"featured_media":108,"parent":0,"menu_order":12,"comment_status":"closed","ping_status":"open","template":"sidebar-page.php","meta":{"ngg_post_thumbnail":0,"footnotes":""},"class_list":["post-79","page","type-page","status-publish","has-post-thumbnail","hentry"],"_links":{"self":[{"href":"https:\/\/karifa.de\/index.php?rest_route=\/wp\/v2\/pages\/79","targetHints":{"allow":["GET"]}}],"collection":[{"href":"https:\/\/karifa.de\/index.php?rest_route=\/wp\/v2\/pages"}],"about":[{"href":"https:\/\/karifa.de\/index.php?rest_route=\/wp\/v2\/types\/page"}],"author":[{"embeddable":true,"href":"https:\/\/karifa.de\/index.php?rest_route=\/wp\/v2\/users\/2"}],"replies":[{"embeddable":true,"href":"https:\/\/karifa.de\/index.php?rest_route=%2Fwp%2Fv2%2Fcomments&post=79"}],"version-history":[{"count":9,"href":"https:\/\/karifa.de\/index.php?rest_route=\/wp\/v2\/pages\/79\/revisions"}],"predecessor-version":[{"id":115,"href":"https:\/\/karifa.de\/index.php?rest_route=\/wp\/v2\/pages\/79\/revisions\/115"}],"wp:featuredmedia":[{"embeddable":true,"href":"https:\/\/karifa.de\/index.php?rest_route=\/wp\/v2\/media\/108"}],"wp:attachment":[{"href":"https:\/\/karifa.de\/index.php?rest_route=%2Fwp%2Fv2%2Fmedia&parent=79"}],"curies":[{"name":"wp","href":"https:\/\/api.w.org\/{rel}","templated":true}]}}