{"id":846,"date":"2014-11-17T16:53:14","date_gmt":"2014-11-17T15:53:14","guid":{"rendered":"http:\/\/karifa.einfachgluecklichsein.info\/?page_id=846"},"modified":"2016-04-12T13:06:13","modified_gmt":"2016-04-12T12:06:13","slug":"das-projekt-karifa-down-under","status":"publish","type":"page","link":"https:\/\/karifa.de\/?page_id=846","title":{"rendered":"Das Projekt &#8222;karifa down under&#8220;"},"content":{"rendered":"<p>Ab Januar 2015 werden wir den australischen Kontinent mit dem Fahrrad umrunden und zwar entgegen dem Uhrzeigersinn. Start- und Endpunkt ist jeweils Sydney. Grob gesch\u00e4tzt sind dies ca. 16.000 km. Projektdauer: 1 Jahr<\/p>\n<p><span style=\"text-decoration: underline;\"><strong>Wie es dazu kam:<\/strong><\/span> Irgendwann entstand die Tour als einfaches \u201eHirngespinst\u201c. Als wir dann beschlossen, die \u201eUmradlung\u201c des australischen Kontinents tats\u00e4chlich zu realisieren, kam die Idee hinzu, dieses Vorhaben mit einem sinnvollen Projekt zu verbinden. Da die Wasserversorgung auf unserer Tour vermutlich eine der\u00a0gr\u00f6\u00dften Herausforderungen darstellen wird, war die Br\u00fccke zum Thema \u201eWasser\u201c schnell gebaut.<\/p>\n<p><span style=\"text-decoration: underline;\"><strong>Das Ziel:<\/strong><\/span> Mit unserer Tour soll das Projekt \u201e<em>Oasis Academy Mamba\u201c<\/em> des Vereines \u201eWir helfen in Afrika e.V.\u201c unterst\u00fctzt werden, bei dem ca.13.000 Euro f\u00fcr den Bau eines Wassertanks ben\u00f6tigt werden. Die verantwortlichen Gr\u00fcnder des Vereins kennen wir seit mehreren Jahren pers\u00f6nlich und wissen, dass jede Spende ohne Abzug von Verwaltungs- oder Flugkosten zu 100 % vor Ort eingesetzt wird.<\/p>\n<p>Mehr Info\u00b4s hierzu gibt es auf der Seite &#8222;mach mit!&#8220; oder <strong><em><a href=\"http:\/\/karifa.de\/?page_id=905\">direkt hier.<\/a><\/em><\/strong><\/p>\n<p><strong><em><a href=\"http:\/\/karifa.de\/?page_id=905\"><img loading=\"lazy\" decoding=\"async\" class=\" size-full wp-image-1079 aligncenter\" src=\"http:\/\/karifa.de\/wp-content\/uploads\/2014\/11\/Route1.jpg\" alt=\"Route1\" width=\"495\" height=\"480\" srcset=\"https:\/\/karifa.de\/wp-content\/uploads\/2014\/11\/Route1.jpg 495w, https:\/\/karifa.de\/wp-content\/uploads\/2014\/11\/Route1-300x290.jpg 300w, https:\/\/karifa.de\/wp-content\/uploads\/2014\/11\/Route1-309x300.jpg 309w\" sizes=\"auto, (max-width: 495px) 100vw, 495px\" \/><\/a><\/em><\/strong><a href=\"http:\/\/karifa.de\/wp-content\/uploads\/2014\/07\/Australienkarte_weniger_Daten.jpg\"><img loading=\"lazy\" decoding=\"async\" class=\"  wp-image-3329 aligncenter\" src=\"http:\/\/karifa.de\/wp-content\/uploads\/2014\/07\/Australien_Originalgroesse_bis_Sydney_weniger_Daten-300x169.jpg\" alt=\"???????????????????????????????\" width=\"498\" height=\"289\" \/><img loading=\"lazy\" decoding=\"async\" class=\"  wp-image-3332 aligncenter\" src=\"http:\/\/karifa.de\/wp-content\/uploads\/2014\/07\/Australienkarte_weniger_Daten-300x207.jpg\" alt=\"Australienkarte_weniger_Daten\" width=\"499\" height=\"350\" \/><\/a><\/p>\n<p>&nbsp;<\/p>\n<p>&nbsp;<\/p>\n<p>&nbsp;<\/p>\n<p>&nbsp;<\/p>\n<p>&nbsp;<\/p>\n","protected":false},"excerpt":{"rendered":"<p>Ab Januar 2015 werden wir den australischen Kontinent mit dem Fahrrad umrunden und zwar entgegen dem Uhrzeigersinn. Start- und Endpunkt ist jeweils Sydney. Grob gesch\u00e4tzt sind dies ca. 16.000 km. Projektdauer: 1 Jahr Wie es dazu kam: Irgendwann entstand die Tour als einfaches \u201eHirngespinst\u201c. Als wir dann beschlossen, die \u201eUmradlung\u201c des australischen Kontinents tats\u00e4chlich zu [&hellip;]<\/p>\n","protected":false},"author":1,"featured_media":750,"parent":0,"menu_order":0,"comment_status":"open","ping_status":"open","template":"","meta":{"ngg_post_thumbnail":0,"footnotes":""},"class_list":["post-846","page","type-page","status-publish","has-post-thumbnail","hentry"],"_links":{"self":[{"href":"https:\/\/karifa.de\/index.php?rest_route=\/wp\/v2\/pages\/846","targetHints":{"allow":["GET"]}}],"collection":[{"href":"https:\/\/karifa.de\/index.php?rest_route=\/wp\/v2\/pages"}],"about":[{"href":"https:\/\/karifa.de\/index.php?rest_route=\/wp\/v2\/types\/page"}],"author":[{"embeddable":true,"href":"https:\/\/karifa.de\/index.php?rest_route=\/wp\/v2\/users\/1"}],"replies":[{"embeddable":true,"href":"https:\/\/karifa.de\/index.php?rest_route=%2Fwp%2Fv2%2Fcomments&post=846"}],"version-history":[{"count":37,"href":"https:\/\/karifa.de\/index.php?rest_route=\/wp\/v2\/pages\/846\/revisions"}],"predecessor-version":[{"id":3479,"href":"https:\/\/karifa.de\/index.php?rest_route=\/wp\/v2\/pages\/846\/revisions\/3479"}],"wp:featuredmedia":[{"embeddable":true,"href":"https:\/\/karifa.de\/index.php?rest_route=\/wp\/v2\/media\/750"}],"wp:attachment":[{"href":"https:\/\/karifa.de\/index.php?rest_route=%2Fwp%2Fv2%2Fmedia&parent=846"}],"curies":[{"name":"wp","href":"https:\/\/api.w.org\/{rel}","templated":true}]}}