{"id":905,"date":"2014-11-23T19:03:36","date_gmt":"2014-11-23T18:03:36","guid":{"rendered":"http:\/\/karifa.einfachgluecklichsein.info\/?page_id=905"},"modified":"2015-08-04T03:13:30","modified_gmt":"2015-08-04T02:13:30","slug":"mach-mit","status":"publish","type":"page","link":"https:\/\/karifa.de\/?page_id=905","title":{"rendered":"mach mit!"},"content":{"rendered":"<p><strong><em>Gemeinsam<\/em> k\u00f6nnen wir das\u00a0 Projekt &#8222;Wassertank f\u00fcr die Oasis Academy Mamba&#8220; in Kenia unterst\u00fctzen.<\/strong><\/p>\n<p><span style=\"text-decoration: underline;\"><strong>Wie?<\/strong><\/span><strong>\u00a0 \u00a0Wir radeln \u00a0&#8211;\u00a0 Sie spenden\u00a0 &#8211;\u00a0 Mamba Village gewinnt!<\/strong><\/p>\n<p><span style=\"text-decoration: underline;\"><strong>Um was geht es konkret?<\/strong><\/span> Der Verein &#8222;Wir helfen in Afrika e.V.&#8220; engagiert sich seit Jahren in Kenia und hat bereits viele sinnvolle Projekte erfolgreich vor Ort realisiert. Zur Zeit ist unter anderem ein gro\u00dfer Wassertank f\u00fcr die Versorgung einer Schule in Planung.<\/p>\n<p><span style=\"text-decoration: underline;\"><strong>Stimmen des Vereins:<\/strong><\/span>\u00a0\u201eWir bauen derzeit eine Schule, die Oasis Academy Mamba. 6 Klassenr\u00e4ume, 1 Toilette und ein Wassertank mit einem Fassungsverm\u00f6gen von 10 000 Litern sind errichtet. Das Ergebnis k\u00f6nnt Ihr auf unserer Internetseite sehen. Es folgen weitere Klassenr\u00e4ume, K\u00fcche, Toiletten, Lehrerzimmer etc. Um s\u00e4mtliche Dachfl\u00e4chen zu erfassen und das Regenwasser zu sammeln, ist ein gro\u00dfer Tank (betoniert) mit einem Fassungsverm\u00f6gen von 100 m3 sinnvoll. Kosten ca. \u20ac 13.000,00. Ein Angebot liegt vor. Da k\u00f6nnt Ihr ganz sch\u00f6n strampeln, doch das ist ein &#8222;Top-Ziel&#8220;.\u201c <em>Helmut G\u00fcnther, Vorsitzender von <\/em><strong>\u00a0<a href=\"http:\/\/www.wirhelfeninafrika.de\" target=\"_blank\">www.wirhelfeninafrika.de<\/a>\u00a0\u00a0\u00a0\u00a0\u00a0\u00a0\u00a0\u00a0\u00a0\u00a0\u00a0\u00a0\u00a0\u00a0\u00a0\u00a0\u00a0\u00a0\u00a0<\/strong><\/p>\n<p><a href=\"http:\/\/wirhelfeninafrika.de\" target=\"_blank\"><img loading=\"lazy\" decoding=\"async\" class=\"wp-image-884 alignleft\" src=\"http:\/\/karifa.de\/wp-content\/uploads\/2014\/11\/Flyer2mit-LogoOrangeGrSCHRIFT.jpg\" alt=\"Flyer2mit LogoOrangeGrSCHRIFT\" width=\"546\" height=\"265\" \/><\/a><\/p>\n<p><strong><span style=\"text-decoration: underline;\">Zielsetzung:<\/span> <\/strong>Unser Ziel ist es, dass m\u00f6glichst viele geradelte Kilometer mit Spenden aufgewogen werden. Sprich: Mit einer Spende von beispielsweise 100 \u20ac werden 100 km unserer Radelstrecke aufgewogen und\u00a0fahren sich damit f\u00fcr uns &#8211; hoffentlich !\u00a0&#8211; wie von selbst. Gleichzeitig verwandeln sich die gespendeten Kilometer in Baumaterial und Arbeitsleistung f\u00fcr den neuen Wassertank der Oasis Academy Mamba.<br \/>\nDas Sch\u00f6nste f\u00fcr uns w\u00e4re, wenn nach unserer Tour das Spendenbarometer und die von uns zur\u00fcckgelegten Kilometer identisch w\u00e4ren. Damit w\u00e4re die Finanzierung des\u00a0Wassertanks durch die &#8222;verwandelten&#8220; Kilometer vollst\u00e4ndig erm\u00f6glicht und es w\u00e4re dar\u00fcber hinaus sogar noch ein bisschen mehr m\u00f6glich&#8230; Wir wissen, dass dies ein herausforderndes Ziel ist und freuen uns, dass durch die erste Spende nun schon der Anfang gemacht ist!<\/p>\n<p><span style=\"text-decoration: underline;\"><span style=\"color: #000000; text-decoration: underline;\"><strong>Das Projekt:<\/strong><\/span><\/span><span style=\"color: #000000;\"> Hier ein kleiner Eindruck von der Oasis Academy Mamba in Kenia:<\/span><span style=\"text-decoration: underline;\"><span style=\"color: #000000; text-decoration: underline;\"><strong><br \/>\n<\/strong><\/span><\/span><a href=\"http:\/\/karifa.de\/wp-content\/uploads\/2014\/11\/P1070485.jpg\" target=\"_blank\"><img loading=\"lazy\" decoding=\"async\" class=\"alignnone  wp-image-1078\" src=\"http:\/\/karifa.de\/wp-content\/uploads\/2014\/11\/P1070485.jpg\" alt=\"P1070485\" width=\"270\" height=\"206\" \/><\/a>\u00a0<img loading=\"lazy\" decoding=\"async\" class=\"alignnone  wp-image-1080\" src=\"http:\/\/karifa.de\/wp-content\/uploads\/2014\/11\/DSCN1426.jpg\" alt=\"DSCN1426\" width=\"270\" height=\"206\" \/><br \/>\nLinks ist der bereits im vergangenen Jahr fertig gestellte Teil der Oasis Academy Mamba zu sehen, der in diesem Jahr noch einmal\u00a0um drei weitere Klassenr\u00e4ume erg\u00e4nzt wird. Die Kinder dieser Schule sind zwischen 3 und 14 Jahren alt, d.h. sie besuchen die Schule vom Kindergarten bis zur 8. Klasse. Um die zentrale Wasserversorgung f\u00fcr die nach dem Neubau etwa &#8230;. Sch\u00fcler sicherstellen zu k\u00f6nnen, wird ein Wassertank mit einem Fassungsverm\u00f6gen von 100.000 Litern ben\u00f6tigt. Dieser wird durch das \u00fcber die Dachfl\u00e4chen aufgefangene Regenwasser gespeist.\u00a0Das rechte Bild zeigt das Beispiel eines Wassertanks, der\u00a0bereits von &#8222;Wir helfen in Afrika e.V.&#8220; an einer anderen Schule errichtet wurde.\u00a0Dieser hat allerdings &#8222;nur&#8220; ein Fassungsverm\u00f6gen von 20.000 Litern. Im Vergleich hierzu wird die Neuerrichtung einen Durchmesser von etwa 8 m und eine H\u00f6he von 2 m erreichen. F\u00fcr all diejenigen, die sich 100.000 Liter genau so wenig vorstellen k\u00f6nnen wie ich ;o)<\/p>\n<p><strong><span style=\"text-decoration: underline;\">Wir \u00fcber &#8222;Wir helfen in Afrika e.V.&#8220;:<\/span>\u00a0 <\/strong>&#8222;Wir kennen die verantwortlichen Gr\u00fcnder des Vereins bereits seit mehreren Jahren pers\u00f6nlich und wissen, dass jede Spende ohne Abzug von Verwaltungs- oder Flugkosten zu 100 % vor Ort eingesetzt wird. Immer wieder sind wir sehr ber\u00fchrt von dem gro\u00dfen Einsatz, der vor Ort erbracht wird.&#8220;<br \/>\n<em>Nicole und Uwe Filippi<\/em><\/p>\n<p><span style=\"text-decoration: underline;\"><strong>Auf geht&#8217;s!<\/strong><\/span><strong>\u00a0 <\/strong>Wir freuen uns schon jetzt auf jeden Kilometer, der sich wie von selbst radelt!<\/p>\n<p style=\"text-align: center;\">\u00a0 <a href=\"http:\/\/karifa.de\/wp-content\/uploads\/2014\/11\/wie_kann_.jpg\"><img loading=\"lazy\" decoding=\"async\" class=\"alignnone  wp-image-988\" src=\"http:\/\/karifa.de\/wp-content\/uploads\/2014\/11\/wie_kann_.jpg\" alt=\"wie_kann_\" width=\"194\" height=\"114\" \/><\/a><\/p>\n<p style=\"text-align: left;\">F\u00fcr Ihre Spende k\u00f6nnen Sie die nachfolgende Bankverbindung nutzen.<\/p>\n<p style=\"text-align: left;\"><span style=\"color: #0000ff;\"><strong>Spendenkonto: Wir helfen in Afrika e.V.<br \/>\nBank: VR-Bank Main-Kinzig-B\u00fcdingen e.G.<br \/>\nIBAN: DE06506616390107330073<br \/>\nBIC: GENODEF1LSR<br \/>\n<\/strong><\/span><\/p>\n<p>Da es sich bei dem Konto um ein speziell eingerichtetes Projektkonto handelt, wird Ihre Spende automatisch dem &#8222;Wassertank f\u00fcr Oasis Academy Mamba&#8220; zugeordnet.<\/p>\n<p>Spender, die nicht \u00fcber ein europ\u00e4isches Bankkonto verf\u00fcgen, k\u00f6nnen auch \u00fcber paypal spenden:<\/p>\n<form action=\"https:\/\/www.paypal.com\/cgi-bin\/webscr\" method=\"post\" target=\"_top\"><input name=\"cmd\" type=\"hidden\" value=\"_s-xclick\" \/>ACHTUNG: ALLE SPENDER AUS DEUTSCHLAND UND EUROPA BITTE DIE OBEN AUFGEF\u00dcHRTE BANKVERBINDUNG VERWENDEN, DADURCH ENTSTEHEN KEINE KOSTEN F\u00dcR PAYPAL.<br \/>\n<input name=\"hosted_button_id\" type=\"hidden\" value=\"45UG4SD65H2JC\" \/><br \/>\n<input alt=\"Jetzt einfach, schnell und sicher online bezahlen \u2013 mit PayPal.\" name=\"submit\" src=\"https:\/\/www.paypalobjects.com\/de_DE\/DE\/i\/btn\/btn_donateCC_LG.gif\" type=\"image\" \/><\/form>\n<p><strong>F\u00fcr Projektspenden werden grunds\u00e4tzlich Spendenbescheinigungen ausgestellt. Wer eine solche erhalten m\u00f6chte, gebe bitte bei der \u00dcberweisung seine vollst\u00e4ndige Adresse an. <\/strong>Die Daten werden lediglich f\u00fcr die Aus- und Zustellung der Spendenquittung verwendet.<\/p>\n<p><span style=\"text-decoration: underline;\"><strong>M\u00f6glichkeit f\u00fcr gewerbliche<\/strong><strong> Spe<\/strong><\/span><strong><span style=\"text-decoration: underline;\">nder:<\/span>\u00a0 <\/strong>Unsere Tour wird sich voraussichtlich auf 16.000 km belaufen, je nach tats\u00e4chlichem Streckenverlauf unter Umst\u00e4nden\u00a0auch auf mehr. Ein paar besondere Teilabschnitte unserer Route haben wir als Spendeneinheit f\u00fcr Sie reserviert! <strong><em><a href=\"http:\/\/karifa.de\/?page_id=1069&amp;preview=true\">N\u00e4here Informationen finden Sie hier.<\/a><\/em><\/strong><\/p>\n<p>&nbsp;<\/p>\n<p>&nbsp;<\/p>\n<p>&nbsp;<\/p>\n","protected":false},"excerpt":{"rendered":"<p>Gemeinsam k\u00f6nnen wir das\u00a0 Projekt &#8222;Wassertank f\u00fcr die Oasis Academy Mamba&#8220; in Kenia unterst\u00fctzen. Wie?\u00a0 \u00a0Wir radeln \u00a0&#8211;\u00a0 Sie spenden\u00a0 &#8211;\u00a0 Mamba Village gewinnt! Um was geht es konkret? Der Verein &#8222;Wir helfen in Afrika e.V.&#8220; engagiert sich seit Jahren in Kenia und hat bereits viele sinnvolle Projekte erfolgreich vor Ort realisiert. Zur Zeit ist [&hellip;]<\/p>\n","protected":false},"author":1,"featured_media":893,"parent":0,"menu_order":0,"comment_status":"open","ping_status":"open","template":"","meta":{"ngg_post_thumbnail":0,"footnotes":""},"class_list":["post-905","page","type-page","status-publish","has-post-thumbnail","hentry"],"_links":{"self":[{"href":"https:\/\/karifa.de\/index.php?rest_route=\/wp\/v2\/pages\/905","targetHints":{"allow":["GET"]}}],"collection":[{"href":"https:\/\/karifa.de\/index.php?rest_route=\/wp\/v2\/pages"}],"about":[{"href":"https:\/\/karifa.de\/index.php?rest_route=\/wp\/v2\/types\/page"}],"author":[{"embeddable":true,"href":"https:\/\/karifa.de\/index.php?rest_route=\/wp\/v2\/users\/1"}],"replies":[{"embeddable":true,"href":"https:\/\/karifa.de\/index.php?rest_route=%2Fwp%2Fv2%2Fcomments&post=905"}],"version-history":[{"count":86,"href":"https:\/\/karifa.de\/index.php?rest_route=\/wp\/v2\/pages\/905\/revisions"}],"predecessor-version":[{"id":2548,"href":"https:\/\/karifa.de\/index.php?rest_route=\/wp\/v2\/pages\/905\/revisions\/2548"}],"wp:featuredmedia":[{"embeddable":true,"href":"https:\/\/karifa.de\/index.php?rest_route=\/wp\/v2\/media\/893"}],"wp:attachment":[{"href":"https:\/\/karifa.de\/index.php?rest_route=%2Fwp%2Fv2%2Fmedia&parent=905"}],"curies":[{"name":"wp","href":"https:\/\/api.w.org\/{rel}","templated":true}]}}